{"id":498,"date":"2022-12-07T14:07:33","date_gmt":"2022-12-07T19:07:33","guid":{"rendered":"https:\/\/relancetouristique.ca\/accueil\/"},"modified":"2023-06-29T10:17:50","modified_gmt":"2023-06-29T14:17:50","slug":"accueil","status":"publish","type":"page","link":"https:\/\/relancetouristique.ca\/en\/","title":{"rendered":"Home"},"content":{"rendered":"<div class=\"home-hero is-layout-constrained alignfull\" style=\"background-image:url(https:\/\/relancetouristique.ca\/wp-content\/uploads\/2022\/12\/pexels-clement-proust-14548192-scaled.jpg)\">\n    <div class=\"home-hero-overlay\"><\/div>\n    <div class=\"is-layout-flow alignwide home-hero-content\">\n        <div class=\"home-hero-col-left\">\n            <h1>Help that has<br>traveled all over<br> Quebec<\/h1>\n            <img decoding=\"async\" src=\"https:\/\/relancetouristique.ca\/wp-content\/plugins\/papet-plugin-main\/public\/images\/home-hero-arrow.png\" class=\"arrow-desktop\" \/>\n            <img decoding=\"async\" src=\"https:\/\/relancetouristique.ca\/wp-content\/plugins\/papet-plugin-main\/public\/images\/home-hero-arrow-mobile.png\" class=\"arrow-mobile\" \/>\n        <\/div>\n        <div class=\"home-hero-col-right\">\n            <div class=\"acf-innerblocks-container\">\n\n<div style=\"height:20px\" aria-hidden=\"true\" class=\"wp-block-spacer\"><\/div>\n\n\n\n<h2 class=\"wp-block-heading\" style=\"font-size:clamp(0.929rem, 0.929rem + ((1vw - 0.2rem) * 0.725), 1.4rem);\">Non-repayable contributions for 1,040 small tourism businesses to seize the opportunities of the recovery!<\/h2>\n\n\n\n<div style=\"height:20px\" aria-hidden=\"true\" class=\"wp-block-spacer\"><\/div>\n\n\n\n<div class=\"wp-block-buttons is-layout-flex wp-block-buttons-is-layout-flex\">\n<div class=\"wp-block-button has-custom-font-size has-large-font-size\"><a class=\"wp-block-button__link wp-element-button\" href=\"https:\/\/relancetouristique.ca\/en\/report\/\" style=\"border-radius:0px\">See Project report<\/a><\/div>\n<\/div>\n\n\n\n<div style=\"height:20px\" aria-hidden=\"true\" class=\"wp-block-spacer\"><\/div>\n\n<\/div>\n        <\/div>\n    <\/div>\n<\/div>\n\n\n<div class=\"wp-block-group alignfull papet-full-width-adjust papet-home-first-section has-background-background-color has-background is-layout-constrained wp-block-group-is-layout-constrained\"><div class=\"papet-big-image-section papet-full-width-adjust alignfull  \">\n    <div class=\"big-image \" style=\"background-image:url(https:\/\/relancetouristique.ca\/wp-content\/uploads\/2022\/12\/victor-zhuk-mSR-f-TMphQ-unsplash-scaled.jpg);\"><\/div>\n    <div class=\"big-image-content\">\n        <div class=\"acf-innerblocks-container\">\n\n<div class=\"wp-block-columns is-layout-flex wp-container-core-columns-is-layout-28f84493 wp-block-columns-is-layout-flex\">\n<div class=\"wp-block-column is-layout-flow wp-block-column-is-layout-flow\" style=\"flex-basis:66.66%\">\n<p class=\"has-medium-font-size\">The Tourism Small Business Assistance Project provides non-repayable contributions of $45,000 or less per business. These contributions are intended to support small tourism businesses in carrying out small investment projects to adapt or develop their products and services to the needs of their clientele in order to support their development and seize recovery opportunities.<\/p>\n<\/div>\n\n\n\n<div class=\"wp-block-column is-layout-flow wp-block-column-is-layout-flow\" style=\"flex-basis:33.33%\"><\/div>\n<\/div>\n\n<\/div>\n    <\/div>\n<\/div>\n\n<div class=\"papet-big-image-section papet-full-width-adjust alignfull inverse show_img_mobile\">\n    <div class=\"big-image shape-1\" style=\"background-image:url(https:\/\/relancetouristique.ca\/wp-content\/uploads\/2022\/12\/jimmy-conover-J_XuXX9m0KM-unsplash-scaled.jpg);\"><\/div>\n    <div class=\"big-image-content\">\n        <div class=\"acf-innerblocks-container\">\n\n<div class=\"wp-block-columns is-layout-flex wp-container-core-columns-is-layout-28f84493 wp-block-columns-is-layout-flex\">\n<div class=\"wp-block-column is-layout-flow wp-block-column-is-layout-flow\" style=\"flex-basis:33.33%\"><\/div>\n\n\n\n<div class=\"wp-block-column is-layout-flow wp-block-column-is-layout-flow\" style=\"flex-basis:66.66%\">\n<p class=\"has-text-align-left has-medium-font-size\">Two major networks have been mandated by Canada Economic Development for Quebec Regions to promote and administer the Tourism Small Business Assistance Project.<\/p>\n\n\n\n<div style=\"height:15px\" aria-hidden=\"true\" class=\"wp-block-spacer\"><\/div>\n\n\n\n<p class=\"has-medium-font-size\">The F\u00e9d\u00e9ration des chambres de commerce du Qu\u00e9bec (FCCQ) and the R\u00e9seau des SADC et CAE (Soci\u00e9t\u00e9s d&#8217;aide au d\u00e9veloppement des collectivit\u00e9s et Centres d&#8217;aide aux entreprises), in collaboration with other partners in the tourism industry ecosystem, are deploying the project throughout Quebec.<\/p>\n\n\n\n<div style=\"height:20px\" aria-hidden=\"true\" class=\"wp-block-spacer\"><\/div>\n\n\n\n<div class=\"wp-block-columns are-vertically-aligned-center is-not-stacked-on-mobile is-layout-flex wp-container-core-columns-is-layout-28f84493 wp-block-columns-is-layout-flex\">\n<div class=\"wp-block-column is-vertically-aligned-center is-layout-flow wp-block-column-is-layout-flow\" style=\"flex-basis:50%\">\n<figure class=\"wp-block-image aligncenter size-full is-resized has-custom-border\"><a href=\"https:\/\/www1.fccq.ca\/\" target=\"_blank\" rel=\"noreferrer noopener\"><img decoding=\"async\" src=\"https:\/\/relancetouristique.ca\/wp-content\/uploads\/2022\/12\/logo-fccq.png\" alt=\"\" class=\"wp-image-798\" style=\"border-radius:0px\" width=\"120\"\/><\/a><\/figure>\n<\/div>\n\n\n\n<div class=\"wp-block-column is-vertically-aligned-center is-layout-flow wp-block-column-is-layout-flow\" style=\"flex-basis:50%\">\n<figure class=\"wp-block-image aligncenter size-full is-resized has-custom-border\"><a href=\"https:\/\/www.sadc-cae.ca\/fr\/\" target=\"_blank\" rel=\"noreferrer noopener\"><img decoding=\"async\" src=\"https:\/\/relancetouristique.ca\/wp-content\/uploads\/2022\/12\/logo-sadc-cae.png\" alt=\"\" class=\"wp-image-796\" style=\"border-radius:0px\" width=\"120\" srcset=\"https:\/\/relancetouristique.ca\/wp-content\/uploads\/2022\/12\/logo-sadc-cae.png 210w, https:\/\/relancetouristique.ca\/wp-content\/uploads\/2022\/12\/logo-sadc-cae-150x150.png 150w\" sizes=\"(max-width: 210px) 100vw, 210px\" \/><\/a><\/figure>\n<\/div>\n<\/div>\n<\/div>\n<\/div>\n\n<\/div>\n    <\/div>\n<\/div><\/div>\n\n\n\n<div class=\"wp-block-group alignfull papet-full-width-adjust mt0 has-background-background-color has-background is-layout-constrained wp-block-group-is-layout-constrained\">\n<div style=\"height:50px\" aria-hidden=\"true\" class=\"wp-block-spacer\"><\/div>\n\n\n\n<div class=\"wp-block-columns alignwide is-layout-flex wp-container-core-columns-is-layout-d7d455e7 wp-block-columns-is-layout-flex\" style=\"padding-top:0;padding-right:0;padding-bottom:0;padding-left:0\">\n<div class=\"wp-block-column is-layout-flow wp-block-column-is-layout-flow\" style=\"padding-top:var(--wp--preset--spacing--30);padding-right:var(--wp--preset--spacing--30);padding-bottom:var(--wp--preset--spacing--30);padding-left:var(--wp--preset--spacing--30)\">\n<figure class=\"wp-block-image aligncenter size-full is-resized\"><img decoding=\"async\" src=\"https:\/\/relancetouristique.ca\/wp-content\/uploads\/2022\/12\/Group-8-1.png\" alt=\"\" class=\"wp-image-926\" width=\"100\" srcset=\"https:\/\/relancetouristique.ca\/wp-content\/uploads\/2022\/12\/Group-8-1.png 500w, https:\/\/relancetouristique.ca\/wp-content\/uploads\/2022\/12\/Group-8-1-300x300.png 300w, https:\/\/relancetouristique.ca\/wp-content\/uploads\/2022\/12\/Group-8-1-150x150.png 150w\" sizes=\"(max-width: 500px) 100vw, 500px\" \/><\/figure>\n\n\n\n<h3 class=\"wp-block-heading has-text-align-center\">Total investments<\/h3>\n\n\n\n<p class=\"has-text-align-center\">$40M in all regions of Quebec<\/p>\n<\/div>\n\n\n\n<div class=\"wp-block-column is-layout-flow wp-block-column-is-layout-flow\" style=\"padding-top:var(--wp--preset--spacing--30);padding-right:var(--wp--preset--spacing--30);padding-bottom:var(--wp--preset--spacing--30);padding-left:var(--wp--preset--spacing--30)\">\n<figure class=\"wp-block-image aligncenter size-full is-resized\"><img decoding=\"async\" src=\"https:\/\/relancetouristique.ca\/wp-content\/uploads\/2022\/12\/Group-9.png\" alt=\"\" class=\"wp-image-935\" width=\"100\" srcset=\"https:\/\/relancetouristique.ca\/wp-content\/uploads\/2022\/12\/Group-9.png 500w, https:\/\/relancetouristique.ca\/wp-content\/uploads\/2022\/12\/Group-9-300x300.png 300w, https:\/\/relancetouristique.ca\/wp-content\/uploads\/2022\/12\/Group-9-150x150.png 150w\" sizes=\"(max-width: 500px) 100vw, 500px\" \/><\/figure>\n\n\n\n<h3 class=\"wp-block-heading has-text-align-center\">Important dates<\/h3>\n\n\n\n<p class=\"has-text-align-center\">The eligible funding period is from April\u00a01,\u00a02022 to <strong>March\u00a031,\u00a02023<\/strong>. Business expenses must be incurred between October\u00a018,\u00a02022 and March\u00a031,\u00a02023.<\/p>\n\n\n\n<p class=\"has-text-align-center\"><strong>The Project ended on March 31, 2023.<\/strong><\/p>\n<\/div>\n\n\n\n<div class=\"wp-block-column is-layout-flow wp-block-column-is-layout-flow\" style=\"padding-top:var(--wp--preset--spacing--30);padding-right:var(--wp--preset--spacing--30);padding-bottom:var(--wp--preset--spacing--30);padding-left:var(--wp--preset--spacing--30)\">\n<figure class=\"wp-block-image aligncenter size-full is-resized\"><img decoding=\"async\" src=\"https:\/\/relancetouristique.ca\/wp-content\/uploads\/2022\/12\/Group-10-1.png\" alt=\"\" class=\"wp-image-937\" width=\"100\" srcset=\"https:\/\/relancetouristique.ca\/wp-content\/uploads\/2022\/12\/Group-10-1.png 500w, https:\/\/relancetouristique.ca\/wp-content\/uploads\/2022\/12\/Group-10-1-300x300.png 300w, https:\/\/relancetouristique.ca\/wp-content\/uploads\/2022\/12\/Group-10-1-150x150.png 150w\" sizes=\"(max-width: 500px) 100vw, 500px\" \/><\/figure>\n\n\n\n<h3 class=\"wp-block-heading has-text-align-center\">Type of eligible tourism businesses<\/h3>\n\n\n\n<p class=\"has-text-align-center\">Any company with sales of $1.5M or less and 200&nbsp;employees or less.<\/p>\n<\/div>\n<\/div>\n\n\n\n<div style=\"height:40px\" aria-hidden=\"true\" class=\"wp-block-spacer\"><\/div>\n\n\n\n<div class=\"wp-block-buttons is-content-justification-center is-layout-flex wp-container-core-buttons-is-layout-a89b3969 wp-block-buttons-is-layout-flex\">\n<div class=\"wp-block-button has-custom-font-size has-medium-font-size\"><a class=\"wp-block-button__link wp-element-button\" href=\"https:\/\/relancetouristique.ca\/en\/report\/\" style=\"border-radius:0px\">See Project report<\/a><\/div>\n<\/div>\n\n\n\n<div style=\"height:30px\" aria-hidden=\"true\" class=\"wp-block-spacer\"><\/div>\n<\/div>\n\n\n\n<div class=\"wp-block-cover alignfull mt0 papet-full-width-adjust\"><span aria-hidden=\"true\" class=\"wp-block-cover__background has-background-dim-60 has-background-dim\"><\/span><img loading=\"lazy\" decoding=\"async\" width=\"2560\" height=\"1708\" class=\"wp-block-cover__image-background wp-image-694\" alt=\"\" src=\"https:\/\/relancetouristique.ca\/wp-content\/uploads\/2022\/12\/pexels-onur-kurtic-175790-scaled.jpg\" data-object-fit=\"cover\" srcset=\"https:\/\/relancetouristique.ca\/wp-content\/uploads\/2022\/12\/pexels-onur-kurtic-175790-scaled.jpg 2560w, https:\/\/relancetouristique.ca\/wp-content\/uploads\/2022\/12\/pexels-onur-kurtic-175790-300x200.jpg 300w, https:\/\/relancetouristique.ca\/wp-content\/uploads\/2022\/12\/pexels-onur-kurtic-175790-1024x683.jpg 1024w, https:\/\/relancetouristique.ca\/wp-content\/uploads\/2022\/12\/pexels-onur-kurtic-175790-768x512.jpg 768w, https:\/\/relancetouristique.ca\/wp-content\/uploads\/2022\/12\/pexels-onur-kurtic-175790-1536x1025.jpg 1536w, https:\/\/relancetouristique.ca\/wp-content\/uploads\/2022\/12\/pexels-onur-kurtic-175790-2048x1366.jpg 2048w\" sizes=\"auto, (max-width: 2560px) 100vw, 2560px\" \/><div class=\"wp-block-cover__inner-container is-layout-flow wp-block-cover-is-layout-flow\">\n<div class=\"wp-block-group is-layout-constrained wp-block-group-is-layout-constrained\">\n<h3 class=\"wp-block-heading has-text-align-center has-x-large-font-size\">How to apply for financial support for your project?<\/h3>\n\n\n\n<div style=\"height:35px\" aria-hidden=\"true\" class=\"wp-block-spacer\"><\/div>\n\n\n\n<div class=\"wp-block-buttons is-content-justification-center is-layout-flex wp-container-core-buttons-is-layout-a89b3969 wp-block-buttons-is-layout-flex\">\n<div class=\"wp-block-button\"><a class=\"wp-block-button__link wp-element-button\" href=\"https:\/\/relancetouristique.ca\/en\/how-to-make-your-application\/\" style=\"border-radius:0px\">Find your local chamber of commerce, SADC or CAE in your region<\/a><\/div>\n<\/div>\n<\/div>\n<\/div><\/div>\n","protected":false},"excerpt":{"rendered":"<p>Total investments $40M in all regions of Quebec Important dates The eligible funding period is from April\u00a01,\u00a02022 to March\u00a031,\u00a02023. Business expenses must be incurred between October\u00a018,\u00a02022 and March\u00a031,\u00a02023. The Project ended on March 31, 2023. Type of eligible tourism businesses Any company with sales of $1.5M or less and 200&nbsp;employees or less.<\/p>\n","protected":false},"author":1,"featured_media":490,"parent":0,"menu_order":0,"comment_status":"closed","ping_status":"closed","template":"no-title","meta":{"_acf_changed":false,"footnotes":""},"class_list":["post-498","page","type-page","status-publish","has-post-thumbnail","hentry"],"acf":[],"yoast_head":"<!-- This site is optimized with the Yoast SEO plugin v22.9 - https:\/\/yoast.com\/wordpress\/plugins\/seo\/ -->\n<title>Help that travels all over Quebec<\/title>\n<meta name=\"description\" content=\"Non-repayable contributions for small tourism businesses to seize the opportunities of the recovery!\" \/>\n<meta name=\"robots\" content=\"index, follow, max-snippet:-1, max-image-preview:large, max-video-preview:-1\" \/>\n<link rel=\"canonical\" href=\"https:\/\/relancetouristique.ca\/en\/\" \/>\n<meta property=\"og:locale\" content=\"en_US\" \/>\n<meta property=\"og:type\" content=\"article\" \/>\n<meta property=\"og:title\" content=\"Help that travels all over Quebec\" \/>\n<meta property=\"og:description\" content=\"Non-repayable contributions for small tourism businesses to seize the opportunities of the recovery!\" \/>\n<meta property=\"og:url\" content=\"https:\/\/relancetouristique.ca\/en\/\" \/>\n<meta property=\"og:site_name\" content=\"Tourism Small Business Assistance Project\" \/>\n<meta property=\"article:modified_time\" content=\"2023-06-29T14:17:50+00:00\" \/>\n<meta property=\"og:image\" content=\"https:\/\/relancetouristique.ca\/wp-content\/uploads\/2022\/12\/pexels-clement-proust-14548192-scaled.jpg\" \/>\n\t<meta property=\"og:image:width\" content=\"2560\" \/>\n\t<meta property=\"og:image:height\" content=\"1641\" \/>\n\t<meta property=\"og:image:type\" content=\"image\/jpeg\" \/>\n<meta name=\"twitter:card\" content=\"summary_large_image\" \/>\n<meta name=\"twitter:label1\" content=\"Est. reading time\" \/>\n\t<meta name=\"twitter:data1\" content=\"3 minutes\" \/>\n<script type=\"application\/ld+json\" class=\"yoast-schema-graph\">{\"@context\":\"https:\/\/schema.org\",\"@graph\":[{\"@type\":\"WebPage\",\"@id\":\"https:\/\/relancetouristique.ca\/en\/\",\"url\":\"https:\/\/relancetouristique.ca\/en\/\",\"name\":\"Help that travels all over Quebec\",\"isPartOf\":{\"@id\":\"https:\/\/relancetouristique.ca\/#website\"},\"primaryImageOfPage\":{\"@id\":\"https:\/\/relancetouristique.ca\/en\/#primaryimage\"},\"image\":{\"@id\":\"https:\/\/relancetouristique.ca\/en\/#primaryimage\"},\"thumbnailUrl\":\"https:\/\/relancetouristique.ca\/wp-content\/uploads\/2022\/12\/pexels-clement-proust-14548192-scaled.jpg\",\"datePublished\":\"2022-12-07T19:07:33+00:00\",\"dateModified\":\"2023-06-29T14:17:50+00:00\",\"description\":\"Non-repayable contributions for small tourism businesses to seize the opportunities of the recovery!\",\"breadcrumb\":{\"@id\":\"https:\/\/relancetouristique.ca\/en\/#breadcrumb\"},\"inLanguage\":\"en-US\",\"potentialAction\":[{\"@type\":\"ReadAction\",\"target\":[\"https:\/\/relancetouristique.ca\/en\/\"]}]},{\"@type\":\"ImageObject\",\"inLanguage\":\"en-US\",\"@id\":\"https:\/\/relancetouristique.ca\/en\/#primaryimage\",\"url\":\"https:\/\/relancetouristique.ca\/wp-content\/uploads\/2022\/12\/pexels-clement-proust-14548192-scaled.jpg\",\"contentUrl\":\"https:\/\/relancetouristique.ca\/wp-content\/uploads\/2022\/12\/pexels-clement-proust-14548192-scaled.jpg\",\"width\":2560,\"height\":1641},{\"@type\":\"BreadcrumbList\",\"@id\":\"https:\/\/relancetouristique.ca\/en\/#breadcrumb\",\"itemListElement\":[{\"@type\":\"ListItem\",\"position\":1,\"name\":\"Accueil\",\"item\":\"https:\/\/relancetouristique.ca\/en\/\"},{\"@type\":\"ListItem\",\"position\":2,\"name\":\"Home\"}]},{\"@type\":\"WebSite\",\"@id\":\"https:\/\/relancetouristique.ca\/#website\",\"url\":\"https:\/\/relancetouristique.ca\/\",\"name\":\"Projet d'aide aux petites entreprises touristiques\",\"description\":\"Une aide qui voyage partout au Qu\u00e9bec\",\"publisher\":{\"@id\":\"https:\/\/relancetouristique.ca\/#organization\"},\"potentialAction\":[{\"@type\":\"SearchAction\",\"target\":{\"@type\":\"EntryPoint\",\"urlTemplate\":\"https:\/\/relancetouristique.ca\/?s={search_term_string}\"},\"query-input\":\"required name=search_term_string\"}],\"inLanguage\":\"en-US\"},{\"@type\":\"Organization\",\"@id\":\"https:\/\/relancetouristique.ca\/#organization\",\"name\":\"Tourism Small Business Assistance Project\",\"url\":\"https:\/\/relancetouristique.ca\/\",\"logo\":{\"@type\":\"ImageObject\",\"inLanguage\":\"en-US\",\"@id\":\"https:\/\/relancetouristique.ca\/#\/schema\/logo\/image\/\",\"url\":\"https:\/\/relancetouristique.ca\/wp-content\/uploads\/2022\/12\/PAPET_logo_RGB_blanc.jpg\",\"contentUrl\":\"https:\/\/relancetouristique.ca\/wp-content\/uploads\/2022\/12\/PAPET_logo_RGB_blanc.jpg\",\"width\":1000,\"height\":286,\"caption\":\"Tourism Small Business Assistance Project\"},\"image\":{\"@id\":\"https:\/\/relancetouristique.ca\/#\/schema\/logo\/image\/\"}}]}<\/script>\n<!-- \/ Yoast SEO plugin. -->","yoast_head_json":{"title":"Help that travels all over Quebec","description":"Non-repayable contributions for small tourism businesses to seize the opportunities of the recovery!","robots":{"index":"index","follow":"follow","max-snippet":"max-snippet:-1","max-image-preview":"max-image-preview:large","max-video-preview":"max-video-preview:-1"},"canonical":"https:\/\/relancetouristique.ca\/en\/","og_locale":"en_US","og_type":"article","og_title":"Help that travels all over Quebec","og_description":"Non-repayable contributions for small tourism businesses to seize the opportunities of the recovery!","og_url":"https:\/\/relancetouristique.ca\/en\/","og_site_name":"Tourism Small Business Assistance Project","article_modified_time":"2023-06-29T14:17:50+00:00","og_image":[{"width":2560,"height":1641,"url":"https:\/\/relancetouristique.ca\/wp-content\/uploads\/2022\/12\/pexels-clement-proust-14548192-scaled.jpg","type":"image\/jpeg"}],"twitter_card":"summary_large_image","twitter_misc":{"Est. reading time":"3 minutes"},"schema":{"@context":"https:\/\/schema.org","@graph":[{"@type":"WebPage","@id":"https:\/\/relancetouristique.ca\/en\/","url":"https:\/\/relancetouristique.ca\/en\/","name":"Help that travels all over Quebec","isPartOf":{"@id":"https:\/\/relancetouristique.ca\/#website"},"primaryImageOfPage":{"@id":"https:\/\/relancetouristique.ca\/en\/#primaryimage"},"image":{"@id":"https:\/\/relancetouristique.ca\/en\/#primaryimage"},"thumbnailUrl":"https:\/\/relancetouristique.ca\/wp-content\/uploads\/2022\/12\/pexels-clement-proust-14548192-scaled.jpg","datePublished":"2022-12-07T19:07:33+00:00","dateModified":"2023-06-29T14:17:50+00:00","description":"Non-repayable contributions for small tourism businesses to seize the opportunities of the recovery!","breadcrumb":{"@id":"https:\/\/relancetouristique.ca\/en\/#breadcrumb"},"inLanguage":"en-US","potentialAction":[{"@type":"ReadAction","target":["https:\/\/relancetouristique.ca\/en\/"]}]},{"@type":"ImageObject","inLanguage":"en-US","@id":"https:\/\/relancetouristique.ca\/en\/#primaryimage","url":"https:\/\/relancetouristique.ca\/wp-content\/uploads\/2022\/12\/pexels-clement-proust-14548192-scaled.jpg","contentUrl":"https:\/\/relancetouristique.ca\/wp-content\/uploads\/2022\/12\/pexels-clement-proust-14548192-scaled.jpg","width":2560,"height":1641},{"@type":"BreadcrumbList","@id":"https:\/\/relancetouristique.ca\/en\/#breadcrumb","itemListElement":[{"@type":"ListItem","position":1,"name":"Accueil","item":"https:\/\/relancetouristique.ca\/en\/"},{"@type":"ListItem","position":2,"name":"Home"}]},{"@type":"WebSite","@id":"https:\/\/relancetouristique.ca\/#website","url":"https:\/\/relancetouristique.ca\/","name":"Projet d'aide aux petites entreprises touristiques","description":"Une aide qui voyage partout au Qu\u00e9bec","publisher":{"@id":"https:\/\/relancetouristique.ca\/#organization"},"potentialAction":[{"@type":"SearchAction","target":{"@type":"EntryPoint","urlTemplate":"https:\/\/relancetouristique.ca\/?s={search_term_string}"},"query-input":"required name=search_term_string"}],"inLanguage":"en-US"},{"@type":"Organization","@id":"https:\/\/relancetouristique.ca\/#organization","name":"Tourism Small Business Assistance Project","url":"https:\/\/relancetouristique.ca\/","logo":{"@type":"ImageObject","inLanguage":"en-US","@id":"https:\/\/relancetouristique.ca\/#\/schema\/logo\/image\/","url":"https:\/\/relancetouristique.ca\/wp-content\/uploads\/2022\/12\/PAPET_logo_RGB_blanc.jpg","contentUrl":"https:\/\/relancetouristique.ca\/wp-content\/uploads\/2022\/12\/PAPET_logo_RGB_blanc.jpg","width":1000,"height":286,"caption":"Tourism Small Business Assistance Project"},"image":{"@id":"https:\/\/relancetouristique.ca\/#\/schema\/logo\/image\/"}}]}},"_links":{"self":[{"href":"https:\/\/relancetouristique.ca\/en\/wp-json\/wp\/v2\/pages\/498","targetHints":{"allow":["GET"]}}],"collection":[{"href":"https:\/\/relancetouristique.ca\/en\/wp-json\/wp\/v2\/pages"}],"about":[{"href":"https:\/\/relancetouristique.ca\/en\/wp-json\/wp\/v2\/types\/page"}],"author":[{"embeddable":true,"href":"https:\/\/relancetouristique.ca\/en\/wp-json\/wp\/v2\/users\/1"}],"replies":[{"embeddable":true,"href":"https:\/\/relancetouristique.ca\/en\/wp-json\/wp\/v2\/comments?post=498"}],"version-history":[{"count":27,"href":"https:\/\/relancetouristique.ca\/en\/wp-json\/wp\/v2\/pages\/498\/revisions"}],"predecessor-version":[{"id":2432,"href":"https:\/\/relancetouristique.ca\/en\/wp-json\/wp\/v2\/pages\/498\/revisions\/2432"}],"wp:featuredmedia":[{"embeddable":true,"href":"https:\/\/relancetouristique.ca\/en\/wp-json\/wp\/v2\/media\/490"}],"wp:attachment":[{"href":"https:\/\/relancetouristique.ca\/en\/wp-json\/wp\/v2\/media?parent=498"}],"curies":[{"name":"wp","href":"https:\/\/api.w.org\/{rel}","templated":true}]}}