{"id":1152,"date":"2022-12-16T10:10:47","date_gmt":"2022-12-16T15:10:47","guid":{"rendered":"https:\/\/relancetouristique.ca\/partenaires\/"},"modified":"2022-12-21T11:49:00","modified_gmt":"2022-12-21T16:49:00","slug":"partners","status":"publish","type":"page","link":"https:\/\/relancetouristique.ca\/en\/partners\/","title":{"rendered":"Partners"},"content":{"rendered":"\n<div class=\"wp-block-cover alignfull is-light papet-full-width-adjust\" style=\"min-height:350px;aspect-ratio:unset;\"><span aria-hidden=\"true\" class=\"wp-block-cover__background has-background-dim\"><\/span><img loading=\"lazy\" decoding=\"async\" width=\"2560\" height=\"1714\" class=\"wp-block-cover__image-background wp-image-1119\" alt=\"\" src=\"https:\/\/relancetouristique.ca\/wp-content\/uploads\/2022\/12\/aubrey-odom-mabey-rCx_m5bcDgk-unsplash1-scaled.jpg\" data-object-fit=\"cover\" srcset=\"https:\/\/relancetouristique.ca\/wp-content\/uploads\/2022\/12\/aubrey-odom-mabey-rCx_m5bcDgk-unsplash1-scaled.jpg 2560w, https:\/\/relancetouristique.ca\/wp-content\/uploads\/2022\/12\/aubrey-odom-mabey-rCx_m5bcDgk-unsplash1-300x201.jpg 300w, https:\/\/relancetouristique.ca\/wp-content\/uploads\/2022\/12\/aubrey-odom-mabey-rCx_m5bcDgk-unsplash1-1024x685.jpg 1024w, https:\/\/relancetouristique.ca\/wp-content\/uploads\/2022\/12\/aubrey-odom-mabey-rCx_m5bcDgk-unsplash1-768x514.jpg 768w, https:\/\/relancetouristique.ca\/wp-content\/uploads\/2022\/12\/aubrey-odom-mabey-rCx_m5bcDgk-unsplash1-1536x1028.jpg 1536w, https:\/\/relancetouristique.ca\/wp-content\/uploads\/2022\/12\/aubrey-odom-mabey-rCx_m5bcDgk-unsplash1-2048x1371.jpg 2048w\" sizes=\"auto, (max-width: 2560px) 100vw, 2560px\" \/><div class=\"wp-block-cover__inner-container is-layout-flow wp-block-cover-is-layout-flow\">\n<div class=\"wp-block-group is-layout-flow wp-block-group-is-layout-flow\">\n<h1 class=\"has-text-align-center has-background-color has-text-color wp-block-heading\">Building on the strengths of two regional economic development partners.<\/h1>\n<\/div>\n<\/div><\/div>\n\n\n\n<div style=\"height:30px\" aria-hidden=\"true\" class=\"wp-block-spacer\"><\/div>\n\n\n\n<h2 class=\"has-text-align-center wp-block-heading\">The F\u00e9d\u00e9ration des chambres de commerce du Qu\u00e9bec and the R\u00e9seau des SADC-CAE<\/h2>\n\n\n\n<div style=\"height:40px\" aria-hidden=\"true\" class=\"wp-block-spacer\"><\/div>\n\n\n\n<div class=\"wp-block-columns alignwide is-layout-flex wp-container-core-columns-is-layout-d7d455e7 wp-block-columns-is-layout-flex\" style=\"padding-top:0;padding-right:0;padding-bottom:0;padding-left:0\">\n<div class=\"wp-block-column is-layout-flow wp-block-column-is-layout-flow\" style=\"padding-top:var(--wp--preset--spacing--30);padding-right:var(--wp--preset--spacing--30);padding-bottom:var(--wp--preset--spacing--30);padding-left:var(--wp--preset--spacing--30)\">\n<div style=\"height:15px\" aria-hidden=\"true\" class=\"wp-block-spacer\"><\/div>\n\n\n\n<figure class=\"wp-block-image aligncenter size-full is-resized has-custom-border\"><a href=\"https:\/\/www1.fccq.ca\/\" target=\"_blank\" rel=\"noreferrer noopener\"><img decoding=\"async\" src=\"https:\/\/relancetouristique.ca\/wp-content\/uploads\/2022\/12\/logo-fccq.png\" alt=\"\" class=\"wp-image-798\" style=\"border-radius:0px\" width=\"120\"\/><\/a><\/figure>\n\n\n\n<div style=\"height:15px\" aria-hidden=\"true\" class=\"wp-block-spacer\"><\/div>\n\n\n\n<p>The 123 chambers of commerce of the FCCQ are at the service of the success of Quebec businesses and cover the entire territory. They have a unique know-how to bring together economic development players and mobilize them to support recovery projects in all sectors of activity.<\/p>\n\n\n\n<ul class=\"wp-block-list\">\n<li>123 chambers of commerce<\/li>\n\n\n\n<li>1 100 corporate members<\/li>\n\n\n\n<li>The FCCQ represents more than 45 000 businesses throughout Quebec<\/li>\n<\/ul>\n\n\n\n<div style=\"height:30px\" aria-hidden=\"true\" class=\"wp-block-spacer\"><\/div>\n<\/div>\n\n\n\n<div class=\"wp-block-column is-layout-flow wp-block-column-is-layout-flow\" style=\"padding-top:var(--wp--preset--spacing--30);padding-right:var(--wp--preset--spacing--30);padding-bottom:var(--wp--preset--spacing--30);padding-left:var(--wp--preset--spacing--30)\">\n<figure class=\"wp-block-image aligncenter size-full is-resized has-custom-border\"><a href=\"https:\/\/www.sadc-cae.ca\/fr\/\" target=\"_blank\" rel=\"noreferrer noopener\"><img decoding=\"async\" src=\"https:\/\/relancetouristique.ca\/wp-content\/uploads\/2022\/12\/logo-sadc-cae.png\" alt=\"\" class=\"wp-image-796\" style=\"border-radius:0px\" width=\"120\" srcset=\"https:\/\/relancetouristique.ca\/wp-content\/uploads\/2022\/12\/logo-sadc-cae.png 210w, https:\/\/relancetouristique.ca\/wp-content\/uploads\/2022\/12\/logo-sadc-cae-150x150.png 150w\" sizes=\"(max-width: 210px) 100vw, 210px\" \/><\/a><\/figure>\n\n\n\n<p>The SADC and CAE have solid hands-on experience providing funding for business. For over 40 years, they have been active locally, in the regions of Quebec. Over the past 12 years alone, close to $800 million has been invested in Quebec businesses through the SADC-CAE network.<\/p>\n\n\n\n<ul class=\"wp-block-list\">\n<li>40 years of experience<\/li>\n\n\n\n<li>67 SADC and CAE<\/li>\n\n\n\n<li>More than 1000 professionals and volunteers<\/li>\n<\/ul>\n<\/div>\n<\/div>\n\n\n\n<div style=\"height:40px\" aria-hidden=\"true\" class=\"wp-block-spacer\"><\/div>\n\n\n<div class=\"papet-big-image-section papet-full-width-adjust alignfull  \">\n    <div class=\"big-image shape-1\" style=\"background-image:url(https:\/\/relancetouristique.ca\/wp-content\/uploads\/2022\/12\/alfred-boivin-XoM0eYSXWMs-unsplash-scaled.jpg);\"><\/div>\n    <div class=\"big-image-content\">\n        <div class=\"acf-innerblocks-container\">\n\n<div class=\"wp-block-columns is-layout-flex wp-container-core-columns-is-layout-28f84493 wp-block-columns-is-layout-flex\">\n<div class=\"wp-block-column is-layout-flow wp-block-column-is-layout-flow\" style=\"flex-basis:66.66%\">\n<p class=\"has-medium-font-size\">The union of two networks to make the Tourism Small Business Assistance Project soar throughout Quebec.<\/p>\n\n\n\n<div class=\"wp-block-buttons is-layout-flex wp-block-buttons-is-layout-flex\">\n<div class=\"wp-block-button\"><a class=\"wp-block-button__link wp-element-button\" href=\"https:\/\/relancetouristique.ca\/en\/how-to-make-your-application\/\" style=\"border-radius:0px\">Find your local chamber of commerce, SADC or CAE in your region <\/a><\/div>\n<\/div>\n<\/div>\n\n\n\n<div class=\"wp-block-column is-layout-flow wp-block-column-is-layout-flow\" style=\"flex-basis:33.33%\"><\/div>\n<\/div>\n\n<\/div>\n    <\/div>\n<\/div>\n\n\n<div style=\"height:40px\" aria-hidden=\"true\" class=\"wp-block-spacer\"><\/div>\n","protected":false},"excerpt":{"rendered":"<p>The F\u00e9d\u00e9ration des chambres de commerce du Qu\u00e9bec and the R\u00e9seau des SADC-CAE The 123 chambers of commerce of the FCCQ are at the service of the success of Quebec businesses and cover the entire territory. They have a unique know-how to bring together economic development players and mobilize them to support recovery projects in [&hellip;]<\/p>\n","protected":false},"author":1,"featured_media":1120,"parent":0,"menu_order":0,"comment_status":"closed","ping_status":"closed","template":"no-title","meta":{"_acf_changed":false,"footnotes":""},"class_list":["post-1152","page","type-page","status-publish","has-post-thumbnail","hentry"],"acf":[],"yoast_head":"<!-- This site is optimized with the Yoast SEO plugin v22.9 - https:\/\/yoast.com\/wordpress\/plugins\/seo\/ -->\n<title>Partners | Tourism Small Business Assistance Project<\/title>\n<meta name=\"robots\" content=\"index, follow, max-snippet:-1, max-image-preview:large, max-video-preview:-1\" \/>\n<link rel=\"canonical\" href=\"https:\/\/relancetouristique.ca\/en\/partners\/\" \/>\n<meta property=\"og:locale\" content=\"en_US\" \/>\n<meta property=\"og:type\" content=\"article\" \/>\n<meta property=\"og:title\" content=\"Partners | Tourism Small Business Assistance Project\" \/>\n<meta property=\"og:description\" content=\"The F\u00e9d\u00e9ration des chambres de commerce du Qu\u00e9bec and the R\u00e9seau des SADC-CAE The 123 chambers of commerce of the FCCQ are at the service of the success of Quebec businesses and cover the entire territory. They have a unique know-how to bring together economic development players and mobilize them to support recovery projects in [&hellip;]\" \/>\n<meta property=\"og:url\" content=\"https:\/\/relancetouristique.ca\/en\/partners\/\" \/>\n<meta property=\"og:site_name\" content=\"Tourism Small Business Assistance Project\" \/>\n<meta property=\"article:modified_time\" content=\"2022-12-21T16:49:00+00:00\" \/>\n<meta property=\"og:image\" content=\"https:\/\/relancetouristique.ca\/wp-content\/uploads\/2022\/12\/aubrey-odom-mabey-rCx_m5bcDgk-unsplash1-scaled.jpg\" \/>\n\t<meta property=\"og:image:width\" content=\"2560\" \/>\n\t<meta property=\"og:image:height\" content=\"1714\" \/>\n\t<meta property=\"og:image:type\" content=\"image\/jpeg\" \/>\n<meta name=\"twitter:card\" content=\"summary_large_image\" \/>\n<meta name=\"twitter:label1\" content=\"Est. reading time\" \/>\n\t<meta name=\"twitter:data1\" content=\"2 minutes\" \/>\n<script type=\"application\/ld+json\" class=\"yoast-schema-graph\">{\"@context\":\"https:\/\/schema.org\",\"@graph\":[{\"@type\":\"WebPage\",\"@id\":\"https:\/\/relancetouristique.ca\/en\/partners\/\",\"url\":\"https:\/\/relancetouristique.ca\/en\/partners\/\",\"name\":\"Partners | Tourism Small Business Assistance Project\",\"isPartOf\":{\"@id\":\"https:\/\/relancetouristique.ca\/#website\"},\"primaryImageOfPage\":{\"@id\":\"https:\/\/relancetouristique.ca\/en\/partners\/#primaryimage\"},\"image\":{\"@id\":\"https:\/\/relancetouristique.ca\/en\/partners\/#primaryimage\"},\"thumbnailUrl\":\"https:\/\/relancetouristique.ca\/wp-content\/uploads\/2022\/12\/aubrey-odom-mabey-rCx_m5bcDgk-unsplash1-scaled.jpg\",\"datePublished\":\"2022-12-16T15:10:47+00:00\",\"dateModified\":\"2022-12-21T16:49:00+00:00\",\"breadcrumb\":{\"@id\":\"https:\/\/relancetouristique.ca\/en\/partners\/#breadcrumb\"},\"inLanguage\":\"en-US\",\"potentialAction\":[{\"@type\":\"ReadAction\",\"target\":[\"https:\/\/relancetouristique.ca\/en\/partners\/\"]}]},{\"@type\":\"ImageObject\",\"inLanguage\":\"en-US\",\"@id\":\"https:\/\/relancetouristique.ca\/en\/partners\/#primaryimage\",\"url\":\"https:\/\/relancetouristique.ca\/wp-content\/uploads\/2022\/12\/aubrey-odom-mabey-rCx_m5bcDgk-unsplash1-scaled.jpg\",\"contentUrl\":\"https:\/\/relancetouristique.ca\/wp-content\/uploads\/2022\/12\/aubrey-odom-mabey-rCx_m5bcDgk-unsplash1-scaled.jpg\",\"width\":2560,\"height\":1714},{\"@type\":\"BreadcrumbList\",\"@id\":\"https:\/\/relancetouristique.ca\/en\/partners\/#breadcrumb\",\"itemListElement\":[{\"@type\":\"ListItem\",\"position\":1,\"name\":\"Accueil\",\"item\":\"https:\/\/relancetouristique.ca\/en\/\"},{\"@type\":\"ListItem\",\"position\":2,\"name\":\"Partners\"}]},{\"@type\":\"WebSite\",\"@id\":\"https:\/\/relancetouristique.ca\/#website\",\"url\":\"https:\/\/relancetouristique.ca\/\",\"name\":\"Projet d'aide aux petites entreprises touristiques\",\"description\":\"Une aide qui voyage partout au Qu\u00e9bec\",\"publisher\":{\"@id\":\"https:\/\/relancetouristique.ca\/#organization\"},\"potentialAction\":[{\"@type\":\"SearchAction\",\"target\":{\"@type\":\"EntryPoint\",\"urlTemplate\":\"https:\/\/relancetouristique.ca\/?s={search_term_string}\"},\"query-input\":\"required name=search_term_string\"}],\"inLanguage\":\"en-US\"},{\"@type\":\"Organization\",\"@id\":\"https:\/\/relancetouristique.ca\/#organization\",\"name\":\"Tourism Small Business Assistance Project\",\"url\":\"https:\/\/relancetouristique.ca\/\",\"logo\":{\"@type\":\"ImageObject\",\"inLanguage\":\"en-US\",\"@id\":\"https:\/\/relancetouristique.ca\/#\/schema\/logo\/image\/\",\"url\":\"https:\/\/relancetouristique.ca\/wp-content\/uploads\/2022\/12\/PAPET_logo_RGB_blanc.jpg\",\"contentUrl\":\"https:\/\/relancetouristique.ca\/wp-content\/uploads\/2022\/12\/PAPET_logo_RGB_blanc.jpg\",\"width\":1000,\"height\":286,\"caption\":\"Tourism Small Business Assistance Project\"},\"image\":{\"@id\":\"https:\/\/relancetouristique.ca\/#\/schema\/logo\/image\/\"}}]}<\/script>\n<!-- \/ Yoast SEO plugin. -->","yoast_head_json":{"title":"Partners | Tourism Small Business Assistance Project","robots":{"index":"index","follow":"follow","max-snippet":"max-snippet:-1","max-image-preview":"max-image-preview:large","max-video-preview":"max-video-preview:-1"},"canonical":"https:\/\/relancetouristique.ca\/en\/partners\/","og_locale":"en_US","og_type":"article","og_title":"Partners | Tourism Small Business Assistance Project","og_description":"The F\u00e9d\u00e9ration des chambres de commerce du Qu\u00e9bec and the R\u00e9seau des SADC-CAE The 123 chambers of commerce of the FCCQ are at the service of the success of Quebec businesses and cover the entire territory. They have a unique know-how to bring together economic development players and mobilize them to support recovery projects in [&hellip;]","og_url":"https:\/\/relancetouristique.ca\/en\/partners\/","og_site_name":"Tourism Small Business Assistance Project","article_modified_time":"2022-12-21T16:49:00+00:00","og_image":[{"width":2560,"height":1714,"url":"https:\/\/relancetouristique.ca\/wp-content\/uploads\/2022\/12\/aubrey-odom-mabey-rCx_m5bcDgk-unsplash1-scaled.jpg","type":"image\/jpeg"}],"twitter_card":"summary_large_image","twitter_misc":{"Est. reading time":"2 minutes"},"schema":{"@context":"https:\/\/schema.org","@graph":[{"@type":"WebPage","@id":"https:\/\/relancetouristique.ca\/en\/partners\/","url":"https:\/\/relancetouristique.ca\/en\/partners\/","name":"Partners | Tourism Small Business Assistance Project","isPartOf":{"@id":"https:\/\/relancetouristique.ca\/#website"},"primaryImageOfPage":{"@id":"https:\/\/relancetouristique.ca\/en\/partners\/#primaryimage"},"image":{"@id":"https:\/\/relancetouristique.ca\/en\/partners\/#primaryimage"},"thumbnailUrl":"https:\/\/relancetouristique.ca\/wp-content\/uploads\/2022\/12\/aubrey-odom-mabey-rCx_m5bcDgk-unsplash1-scaled.jpg","datePublished":"2022-12-16T15:10:47+00:00","dateModified":"2022-12-21T16:49:00+00:00","breadcrumb":{"@id":"https:\/\/relancetouristique.ca\/en\/partners\/#breadcrumb"},"inLanguage":"en-US","potentialAction":[{"@type":"ReadAction","target":["https:\/\/relancetouristique.ca\/en\/partners\/"]}]},{"@type":"ImageObject","inLanguage":"en-US","@id":"https:\/\/relancetouristique.ca\/en\/partners\/#primaryimage","url":"https:\/\/relancetouristique.ca\/wp-content\/uploads\/2022\/12\/aubrey-odom-mabey-rCx_m5bcDgk-unsplash1-scaled.jpg","contentUrl":"https:\/\/relancetouristique.ca\/wp-content\/uploads\/2022\/12\/aubrey-odom-mabey-rCx_m5bcDgk-unsplash1-scaled.jpg","width":2560,"height":1714},{"@type":"BreadcrumbList","@id":"https:\/\/relancetouristique.ca\/en\/partners\/#breadcrumb","itemListElement":[{"@type":"ListItem","position":1,"name":"Accueil","item":"https:\/\/relancetouristique.ca\/en\/"},{"@type":"ListItem","position":2,"name":"Partners"}]},{"@type":"WebSite","@id":"https:\/\/relancetouristique.ca\/#website","url":"https:\/\/relancetouristique.ca\/","name":"Projet d'aide aux petites entreprises touristiques","description":"Une aide qui voyage partout au Qu\u00e9bec","publisher":{"@id":"https:\/\/relancetouristique.ca\/#organization"},"potentialAction":[{"@type":"SearchAction","target":{"@type":"EntryPoint","urlTemplate":"https:\/\/relancetouristique.ca\/?s={search_term_string}"},"query-input":"required name=search_term_string"}],"inLanguage":"en-US"},{"@type":"Organization","@id":"https:\/\/relancetouristique.ca\/#organization","name":"Tourism Small Business Assistance Project","url":"https:\/\/relancetouristique.ca\/","logo":{"@type":"ImageObject","inLanguage":"en-US","@id":"https:\/\/relancetouristique.ca\/#\/schema\/logo\/image\/","url":"https:\/\/relancetouristique.ca\/wp-content\/uploads\/2022\/12\/PAPET_logo_RGB_blanc.jpg","contentUrl":"https:\/\/relancetouristique.ca\/wp-content\/uploads\/2022\/12\/PAPET_logo_RGB_blanc.jpg","width":1000,"height":286,"caption":"Tourism Small Business Assistance Project"},"image":{"@id":"https:\/\/relancetouristique.ca\/#\/schema\/logo\/image\/"}}]}},"_links":{"self":[{"href":"https:\/\/relancetouristique.ca\/en\/wp-json\/wp\/v2\/pages\/1152","targetHints":{"allow":["GET"]}}],"collection":[{"href":"https:\/\/relancetouristique.ca\/en\/wp-json\/wp\/v2\/pages"}],"about":[{"href":"https:\/\/relancetouristique.ca\/en\/wp-json\/wp\/v2\/types\/page"}],"author":[{"embeddable":true,"href":"https:\/\/relancetouristique.ca\/en\/wp-json\/wp\/v2\/users\/1"}],"replies":[{"embeddable":true,"href":"https:\/\/relancetouristique.ca\/en\/wp-json\/wp\/v2\/comments?post=1152"}],"version-history":[{"count":4,"href":"https:\/\/relancetouristique.ca\/en\/wp-json\/wp\/v2\/pages\/1152\/revisions"}],"predecessor-version":[{"id":1311,"href":"https:\/\/relancetouristique.ca\/en\/wp-json\/wp\/v2\/pages\/1152\/revisions\/1311"}],"wp:featuredmedia":[{"embeddable":true,"href":"https:\/\/relancetouristique.ca\/en\/wp-json\/wp\/v2\/media\/1120"}],"wp:attachment":[{"href":"https:\/\/relancetouristique.ca\/en\/wp-json\/wp\/v2\/media?parent=1152"}],"curies":[{"name":"wp","href":"https:\/\/api.w.org\/{rel}","templated":true}]}}