{"id":1149,"date":"2022-12-16T10:05:04","date_gmt":"2022-12-16T15:05:04","guid":{"rendered":"https:\/\/relancetouristique.ca\/nous-joindre\/"},"modified":"2022-12-21T11:48:59","modified_gmt":"2022-12-21T16:48:59","slug":"contact-us","status":"publish","type":"page","link":"https:\/\/relancetouristique.ca\/en\/contact-us\/","title":{"rendered":"Contact us"},"content":{"rendered":"<div class=\"papet-big-image-section papet-full-width-adjust alignfull inverse \">\n    <div class=\"big-image shape-1\" style=\"background-image:url(https:\/\/relancetouristique.ca\/wp-content\/uploads\/2022\/12\/sarah-egerer-r5mnGYTJQqs-unsplash-scaled.jpg);\"><\/div>\n    <div class=\"big-image-content\">\n        <div class=\"acf-innerblocks-container\">\n\n<div style=\"height:60px\" aria-hidden=\"true\" class=\"wp-block-spacer\"><\/div>\n\n\n\n<div class=\"wp-block-columns is-layout-flex wp-container-core-columns-is-layout-28f84493 wp-block-columns-is-layout-flex\">\n<div class=\"wp-block-column is-layout-flow wp-block-column-is-layout-flow\" style=\"flex-basis:20%\"><\/div>\n\n\n\n<div class=\"wp-block-column is-layout-flow wp-block-column-is-layout-flow\" style=\"flex-basis:80%\">\n<div style=\"height:40px\" aria-hidden=\"true\" class=\"wp-block-spacer\"><\/div>\n\n\n\n<h2 class=\"wp-block-heading\">Contact your local partner<\/h2>\n\n\n\n<p>Consult the directory of chambers of commerce, SADC and CAE.<\/p>\n\n\n\n<div class=\"wp-block-buttons is-layout-flex wp-block-buttons-is-layout-flex\">\n<div class=\"wp-block-button\"><a class=\"wp-block-button__link wp-element-button\" href=\"https:\/\/relancetouristique.ca\/en\/how-to-make-your-application\/\" style=\"border-radius:0px\">Directory<\/a><\/div>\n<\/div>\n\n\n\n<div style=\"height:40px\" aria-hidden=\"true\" class=\"wp-block-spacer\"><\/div>\n\n\n\n<div class=\"wp-block-columns is-layout-flex wp-container-core-columns-is-layout-28f84493 wp-block-columns-is-layout-flex\">\n<div class=\"wp-block-column is-layout-flow wp-block-column-is-layout-flow\">\n<p>F\u00e9d\u00e9ration des chambres de commerce du Qu\u00e9bec (FCCQ)<\/p>\n\n\n\n<p>555 Ren\u00e9-L\u00e9vesque Blvd. West, Suite 1100<\/p>\n\n\n\n<p>Montreal QC H2Z 1B1<\/p>\n\n\n\n<p><a href=\"mailto:info@fccq.ca\">info@fccq.ca<\/a><\/p>\n<\/div>\n\n\n\n<div class=\"wp-block-column is-layout-flow wp-block-column-is-layout-flow\">\n<p>R\u00e9seau des SADC-CAE<\/p>\n\n\n\n<p>3229 des Quatre-Bourgeois Road, Suite 505<\/p>\n\n\n\n<p>Quebec QC G1W 0C1<\/p>\n\n\n\n<p><a href=\"tel:4186581530\">418 658-1530<\/a><\/p>\n<\/div>\n<\/div>\n<\/div>\n<\/div>\n\n\n\n<div style=\"height:25px\" aria-hidden=\"true\" class=\"wp-block-spacer\"><\/div>\n\n<\/div>\n    <\/div>\n<\/div>","protected":false},"excerpt":{"rendered":"","protected":false},"author":1,"featured_media":0,"parent":0,"menu_order":0,"comment_status":"closed","ping_status":"closed","template":"no-title","meta":{"_acf_changed":false,"footnotes":""},"class_list":["post-1149","page","type-page","status-publish","hentry"],"acf":[],"yoast_head":"<!-- This site is optimized with the Yoast SEO plugin v22.9 - https:\/\/yoast.com\/wordpress\/plugins\/seo\/ -->\n<title>Contact us | Tourism Small Business Assistance Project<\/title>\n<meta name=\"robots\" content=\"index, follow, max-snippet:-1, max-image-preview:large, max-video-preview:-1\" \/>\n<link rel=\"canonical\" href=\"https:\/\/relancetouristique.ca\/en\/contact-us\/\" \/>\n<meta property=\"og:locale\" content=\"en_US\" \/>\n<meta property=\"og:type\" content=\"article\" \/>\n<meta property=\"og:title\" content=\"Contact us | Tourism Small Business Assistance Project\" \/>\n<meta property=\"og:url\" content=\"https:\/\/relancetouristique.ca\/en\/contact-us\/\" \/>\n<meta property=\"og:site_name\" content=\"Tourism Small Business Assistance Project\" \/>\n<meta property=\"article:modified_time\" content=\"2022-12-21T16:48:59+00:00\" \/>\n<meta name=\"twitter:card\" content=\"summary_large_image\" \/>\n<meta name=\"twitter:label1\" content=\"Est. reading time\" \/>\n\t<meta name=\"twitter:data1\" content=\"1 minute\" \/>\n<script type=\"application\/ld+json\" class=\"yoast-schema-graph\">{\"@context\":\"https:\/\/schema.org\",\"@graph\":[{\"@type\":\"WebPage\",\"@id\":\"https:\/\/relancetouristique.ca\/en\/contact-us\/\",\"url\":\"https:\/\/relancetouristique.ca\/en\/contact-us\/\",\"name\":\"Contact us | Tourism Small Business Assistance Project\",\"isPartOf\":{\"@id\":\"https:\/\/relancetouristique.ca\/#website\"},\"datePublished\":\"2022-12-16T15:05:04+00:00\",\"dateModified\":\"2022-12-21T16:48:59+00:00\",\"breadcrumb\":{\"@id\":\"https:\/\/relancetouristique.ca\/en\/contact-us\/#breadcrumb\"},\"inLanguage\":\"en-US\",\"potentialAction\":[{\"@type\":\"ReadAction\",\"target\":[\"https:\/\/relancetouristique.ca\/en\/contact-us\/\"]}]},{\"@type\":\"BreadcrumbList\",\"@id\":\"https:\/\/relancetouristique.ca\/en\/contact-us\/#breadcrumb\",\"itemListElement\":[{\"@type\":\"ListItem\",\"position\":1,\"name\":\"Accueil\",\"item\":\"https:\/\/relancetouristique.ca\/en\/\"},{\"@type\":\"ListItem\",\"position\":2,\"name\":\"Contact us\"}]},{\"@type\":\"WebSite\",\"@id\":\"https:\/\/relancetouristique.ca\/#website\",\"url\":\"https:\/\/relancetouristique.ca\/\",\"name\":\"Projet d'aide aux petites entreprises touristiques\",\"description\":\"Une aide qui voyage partout au Qu\u00e9bec\",\"publisher\":{\"@id\":\"https:\/\/relancetouristique.ca\/#organization\"},\"potentialAction\":[{\"@type\":\"SearchAction\",\"target\":{\"@type\":\"EntryPoint\",\"urlTemplate\":\"https:\/\/relancetouristique.ca\/?s={search_term_string}\"},\"query-input\":\"required name=search_term_string\"}],\"inLanguage\":\"en-US\"},{\"@type\":\"Organization\",\"@id\":\"https:\/\/relancetouristique.ca\/#organization\",\"name\":\"Tourism Small Business Assistance Project\",\"url\":\"https:\/\/relancetouristique.ca\/\",\"logo\":{\"@type\":\"ImageObject\",\"inLanguage\":\"en-US\",\"@id\":\"https:\/\/relancetouristique.ca\/#\/schema\/logo\/image\/\",\"url\":\"https:\/\/relancetouristique.ca\/wp-content\/uploads\/2022\/12\/PAPET_logo_RGB_blanc.jpg\",\"contentUrl\":\"https:\/\/relancetouristique.ca\/wp-content\/uploads\/2022\/12\/PAPET_logo_RGB_blanc.jpg\",\"width\":1000,\"height\":286,\"caption\":\"Tourism Small Business Assistance Project\"},\"image\":{\"@id\":\"https:\/\/relancetouristique.ca\/#\/schema\/logo\/image\/\"}}]}<\/script>\n<!-- \/ Yoast SEO plugin. -->","yoast_head_json":{"title":"Contact us | Tourism Small Business Assistance Project","robots":{"index":"index","follow":"follow","max-snippet":"max-snippet:-1","max-image-preview":"max-image-preview:large","max-video-preview":"max-video-preview:-1"},"canonical":"https:\/\/relancetouristique.ca\/en\/contact-us\/","og_locale":"en_US","og_type":"article","og_title":"Contact us | Tourism Small Business Assistance Project","og_url":"https:\/\/relancetouristique.ca\/en\/contact-us\/","og_site_name":"Tourism Small Business Assistance Project","article_modified_time":"2022-12-21T16:48:59+00:00","twitter_card":"summary_large_image","twitter_misc":{"Est. reading time":"1 minute"},"schema":{"@context":"https:\/\/schema.org","@graph":[{"@type":"WebPage","@id":"https:\/\/relancetouristique.ca\/en\/contact-us\/","url":"https:\/\/relancetouristique.ca\/en\/contact-us\/","name":"Contact us | Tourism Small Business Assistance Project","isPartOf":{"@id":"https:\/\/relancetouristique.ca\/#website"},"datePublished":"2022-12-16T15:05:04+00:00","dateModified":"2022-12-21T16:48:59+00:00","breadcrumb":{"@id":"https:\/\/relancetouristique.ca\/en\/contact-us\/#breadcrumb"},"inLanguage":"en-US","potentialAction":[{"@type":"ReadAction","target":["https:\/\/relancetouristique.ca\/en\/contact-us\/"]}]},{"@type":"BreadcrumbList","@id":"https:\/\/relancetouristique.ca\/en\/contact-us\/#breadcrumb","itemListElement":[{"@type":"ListItem","position":1,"name":"Accueil","item":"https:\/\/relancetouristique.ca\/en\/"},{"@type":"ListItem","position":2,"name":"Contact us"}]},{"@type":"WebSite","@id":"https:\/\/relancetouristique.ca\/#website","url":"https:\/\/relancetouristique.ca\/","name":"Projet d'aide aux petites entreprises touristiques","description":"Une aide qui voyage partout au Qu\u00e9bec","publisher":{"@id":"https:\/\/relancetouristique.ca\/#organization"},"potentialAction":[{"@type":"SearchAction","target":{"@type":"EntryPoint","urlTemplate":"https:\/\/relancetouristique.ca\/?s={search_term_string}"},"query-input":"required name=search_term_string"}],"inLanguage":"en-US"},{"@type":"Organization","@id":"https:\/\/relancetouristique.ca\/#organization","name":"Tourism Small Business Assistance Project","url":"https:\/\/relancetouristique.ca\/","logo":{"@type":"ImageObject","inLanguage":"en-US","@id":"https:\/\/relancetouristique.ca\/#\/schema\/logo\/image\/","url":"https:\/\/relancetouristique.ca\/wp-content\/uploads\/2022\/12\/PAPET_logo_RGB_blanc.jpg","contentUrl":"https:\/\/relancetouristique.ca\/wp-content\/uploads\/2022\/12\/PAPET_logo_RGB_blanc.jpg","width":1000,"height":286,"caption":"Tourism Small Business Assistance Project"},"image":{"@id":"https:\/\/relancetouristique.ca\/#\/schema\/logo\/image\/"}}]}},"_links":{"self":[{"href":"https:\/\/relancetouristique.ca\/en\/wp-json\/wp\/v2\/pages\/1149","targetHints":{"allow":["GET"]}}],"collection":[{"href":"https:\/\/relancetouristique.ca\/en\/wp-json\/wp\/v2\/pages"}],"about":[{"href":"https:\/\/relancetouristique.ca\/en\/wp-json\/wp\/v2\/types\/page"}],"author":[{"embeddable":true,"href":"https:\/\/relancetouristique.ca\/en\/wp-json\/wp\/v2\/users\/1"}],"replies":[{"embeddable":true,"href":"https:\/\/relancetouristique.ca\/en\/wp-json\/wp\/v2\/comments?post=1149"}],"version-history":[{"count":5,"href":"https:\/\/relancetouristique.ca\/en\/wp-json\/wp\/v2\/pages\/1149\/revisions"}],"predecessor-version":[{"id":1519,"href":"https:\/\/relancetouristique.ca\/en\/wp-json\/wp\/v2\/pages\/1149\/revisions\/1519"}],"wp:attachment":[{"href":"https:\/\/relancetouristique.ca\/en\/wp-json\/wp\/v2\/media?parent=1149"}],"curies":[{"name":"wp","href":"https:\/\/api.w.org\/{rel}","templated":true}]}}